{"id":1257,"date":"2019-04-01T12:07:31","date_gmt":"2019-04-01T10:07:31","guid":{"rendered":"https:\/\/www.urbisonline.be\/produit\/jardiniere-terratous\/"},"modified":"2022-07-13T11:42:55","modified_gmt":"2022-07-13T09:42:55","slug":"bloembak-cityfarm","status":"publish","type":"product","link":"https:\/\/www.urbisonline.be\/nl\/produit\/bloembak-cityfarm\/","title":{"rendered":"Bloembak CityFarm"},"content":{"rendered":"<div class=\"wpb-content-wrapper\"><p>[vc_row full_width=&#8221;stretch_row_content_no_spaces&#8221;][vc_column]<style type=\"text\/css\" data-type=\"the7_shortcodes-inline-css\">.gallery-carousel-shortcode.gallery-carousel-shortcode-id-b0f776da511733a7e7e15914f24320d7.owl-carousel .owl-nav div {\n  width: 50px;\n  height: 50px;\n  border-radius: 0px;\n}\n.dt-arrow-border-on.gallery-carousel-shortcode.gallery-carousel-shortcode-id-b0f776da511733a7e7e15914f24320d7.owl-carousel .owl-nav div:not(:hover):before {\n  border-width: 0px;\n}\n.dt-arrow-hover-border-on.gallery-carousel-shortcode.gallery-carousel-shortcode-id-b0f776da511733a7e7e15914f24320d7.owl-carousel .owl-nav div:hover:after {\n  border-width: 0px;\n}\n.arrows-bg-on.gallery-carousel-shortcode.gallery-carousel-shortcode-id-b0f776da511733a7e7e15914f24320d7.owl-carousel .owl-nav div:before {\n  background: rgba(124,180,46,0.8);\n  box-shadow: none;\n}\n.arrows-hover-bg-on.gallery-carousel-shortcode.gallery-carousel-shortcode-id-b0f776da511733a7e7e15914f24320d7.owl-carousel .owl-nav div:after {\n  background: #7cb42e;\n  box-shadow: none;\n}\n.gallery-carousel-shortcode.gallery-carousel-shortcode-id-b0f776da511733a7e7e15914f24320d7.owl-carousel .owl-nav div.owl-prev {\n  top: 50%;\n  transform: translateY(calc(-50% + 0px));\n  left: 25px;\n}\n@media all and (-ms-high-contrast: none) {\n  .gallery-carousel-shortcode.gallery-carousel-shortcode-id-b0f776da511733a7e7e15914f24320d7.owl-carousel .owl-nav div.owl-prev {\n    transform: translateY(-50%);\n    margin-top: 0px;\n  }\n}\n.gallery-carousel-shortcode.gallery-carousel-shortcode-id-b0f776da511733a7e7e15914f24320d7.owl-carousel .owl-nav div.owl-prev i {\n  padding: 0px 0px 0px 0px;\n}\n.gallery-carousel-shortcode.gallery-carousel-shortcode-id-b0f776da511733a7e7e15914f24320d7.owl-carousel .owl-nav div.owl-next {\n  top: 50%;\n  transform: translateY(calc(-50% + 0px));\n  right: 25px;\n}\n@media all and (-ms-high-contrast: none) {\n  .gallery-carousel-shortcode.gallery-carousel-shortcode-id-b0f776da511733a7e7e15914f24320d7.owl-carousel .owl-nav div.owl-next {\n    transform: translateY(-50%);\n    margin-top: 0px;\n  }\n}\n.gallery-carousel-shortcode.gallery-carousel-shortcode-id-b0f776da511733a7e7e15914f24320d7.owl-carousel .owl-nav div.owl-next i {\n  padding: 0px 0px 0px 0px;\n}\n.gallery-carousel-shortcode.gallery-carousel-shortcode-id-b0f776da511733a7e7e15914f24320d7.owl-carousel .owl-nav i {\n  font-size: 35px;\n}\n.gallery-carousel-shortcode.gallery-carousel-shortcode-id-b0f776da511733a7e7e15914f24320d7.owl-carousel .owl-nav div:not(:hover) i,\n.gallery-carousel-shortcode.gallery-carousel-shortcode-id-b0f776da511733a7e7e15914f24320d7.owl-carousel .owl-nav div:not(:hover) i:before {\n  color: #ffffff;\n  background: none;\n}\n.gallery-carousel-shortcode.gallery-carousel-shortcode-id-b0f776da511733a7e7e15914f24320d7.owl-carousel .owl-nav div:hover i,\n.gallery-carousel-shortcode.gallery-carousel-shortcode-id-b0f776da511733a7e7e15914f24320d7.owl-carousel .owl-nav div:hover i:before {\n  color: rgba(255,255,255,0.75);\n  background: none;\n}\n.gallery-carousel-shortcode.gallery-carousel-shortcode-id-b0f776da511733a7e7e15914f24320d7 .owl-dots {\n  top: calc(100% + 20px);\n  left: 50%;\n  transform: translateX(calc(-50% + 0px));\n}\n@media all and (-ms-high-contrast: none) {\n  .gallery-carousel-shortcode.gallery-carousel-shortcode-id-b0f776da511733a7e7e15914f24320d7 .owl-dots {\n    transform: translateX(-50%);\n    margin-left: 0px;\n  }\n}\n.gallery-carousel-shortcode.gallery-carousel-shortcode-id-b0f776da511733a7e7e15914f24320d7 .owl-dot {\n  width: 10px;\n  height: 10px;\n  margin: 0 8px;\n}\n@media screen and (max-width: 778px) {\n  .gallery-carousel-shortcode.gallery-carousel-shortcode-id-b0f776da511733a7e7e15914f24320d7.hide-arrows .owl-nav a {\n    display: none;\n  }\n}\n@media screen and (max-width: 778px) {\n  .gallery-carousel-shortcode.gallery-carousel-shortcode-id-b0f776da511733a7e7e15914f24320d7.reposition-arrows .owl-nav .owl-prev {\n    top: 50%;\n    transform: translateY(calc(-50% + 0px));\n    left: 10px;\n  }\n  .gallery-carousel-shortcode.gallery-carousel-shortcode-id-b0f776da511733a7e7e15914f24320d7.reposition-arrows .owl-nav .owl-next {\n    top: 50%;\n    transform: translateY(calc(-50% + 0px));\n    right: 10px;\n  }\n}\n@media screen and (max-width: 778px) and all and (-ms-high-contrast: none) {\n  .gallery-carousel-shortcode.gallery-carousel-shortcode-id-b0f776da511733a7e7e15914f24320d7.reposition-arrows .owl-nav .owl-prev {\n    transform: translateY(-50%);\n    margin-top: 0px;\n  }\n}\n@media screen and (max-width: 778px) and all and (-ms-high-contrast: none) {\n  .gallery-carousel-shortcode.gallery-carousel-shortcode-id-b0f776da511733a7e7e15914f24320d7.reposition-arrows .owl-nav .owl-next {\n    transform: translateY(-50%);\n    margin-top: 0px;\n  }\n}\n.gallery-carousel-shortcode.gallery-carousel-shortcode-id-b0f776da511733a7e7e15914f24320d7 figure,\n.gallery-carousel-shortcode.gallery-carousel-shortcode-id-b0f776da511733a7e7e15914f24320d7 .rollover,\n.gallery-carousel-shortcode.gallery-carousel-shortcode-id-b0f776da511733a7e7e15914f24320d7 img,\n.gallery-carousel-shortcode.gallery-carousel-shortcode-id-b0f776da511733a7e7e15914f24320d7 .gallery-rollover {\n  border-radius: 0px;\n}\n.gallery-carousel-shortcode.gallery-carousel-shortcode-id-b0f776da511733a7e7e15914f24320d7.enable-bg-rollover .gallery-rollover {\n  background: -webkit-linear-gradient();\n  background: linear-gradient();\n}\n.gallery-carousel-shortcode.gallery-carousel-shortcode-id-b0f776da511733a7e7e15914f24320d7.enable-img-shadow .owl-stage-outer {\n  padding: 4px 0;\n}\n.gallery-carousel-shortcode.gallery-carousel-shortcode-id-b0f776da511733a7e7e15914f24320d7.enable-bg-rollover.hover-scale figure .rollover:after {\n  background: -webkit-linear-gradient();\n  background: linear-gradient();\n}\n.gallery-carousel-shortcode.gallery-carousel-shortcode-id-b0f776da511733a7e7e15914f24320d7.gallery-shortcode .gallery-zoom-ico {\n  width: 50px;\n  height: 50px;\n  line-height: 50px;\n  border-radius: 0px;\n  margin: -25px 0 0 -25px;\n  border-width: 0px;\n}\n.dt-icon-bg-on.gallery-carousel-shortcode.gallery-carousel-shortcode-id-b0f776da511733a7e7e15914f24320d7.gallery-shortcode .gallery-zoom-ico {\n  background: rgba(124,180,46,0.8);\n  box-shadow: none;\n}\n.gallery-carousel-shortcode.gallery-carousel-shortcode-id-b0f776da511733a7e7e15914f24320d7.gallery-shortcode .gallery-zoom-ico:before,\n.gallery-carousel-shortcode.gallery-carousel-shortcode-id-b0f776da511733a7e7e15914f24320d7.gallery-shortcode .gallery-zoom-ico span {\n  font-size: 25px;\n  line-height: 50px;\n  color: #ffffff;\n  background: none;\n}<\/style><div class=\"owl-carousel gallery-carousel-shortcode gallery-shortcode  dt-gallery-container dt-owl-carousel-call gallery-carousel-shortcode-id-b0f776da511733a7e7e15914f24320d7 quick-scale-img enable-bg-rollover meta-info-off dt-arrow-border-on dt-arrow-hover-border-on bullets-small-dot-stroke reposition-arrows dt-icon-bg-on arrows-bg-on arrows-hover-bg-on  hover-fade \" data-scroll-mode=\"page\" data-col-num=\"3\" data-wide-col-num=\"3\" data-laptop-col=\"3\" data-h-tablet-columns-num=\"3\" data-v-tablet-columns-num=\"1\" data-phone-columns-num=\"1\" data-col-gap=\"0\" data-stage-padding=\"0\" data-speed=\"600\" data-autoplay=\"false\" data-autoplay_speed=\"6000\" data-arrows=\"true\" data-bullet=\"false\" data-next-icon=\"icon-ar-014-r\" data-prev-icon=\"icon-ar-014-l\" data-img-shadow-size=\"12px\" data-img-shadow-spread=\"3px\"><div data-post-id=\"722\" data-date=\"2019-07-02T12:07:47+02:00\" data-name=\"bloembak\"><figure class=\"post\"><a href=\"https:\/\/www.urbisonline.be\/wp-content\/uploads\/2019\/07\/jardiniere.jpg\" class=\"rollover dt-pswp-item layzr-bg\" data-large_image_width=\"680\" data-large_image_height=\"435\" data-dt-img-description=\"\" title=\"bloembak\"><img fetchpriority=\"high\" decoding=\"async\" class=\"preload-me owl-lazy-load aspect\" src=\"data:image\/svg+xml,%3Csvg%20xmlns%3D&#39;http%3A%2F%2Fwww.w3.org%2F2000%2Fsvg&#39;%20viewBox%3D&#39;0%200%20580%20435&#39;%2F%3E\" data-src=\"https:\/\/www.urbisonline.be\/wp-content\/uploads\/2019\/07\/jardiniere-580x435.jpg\" data-srcset=\"https:\/\/www.urbisonline.be\/wp-content\/uploads\/2019\/07\/jardiniere-580x435.jpg 580w\" loading=\"eager\" style=\"--ratio: 580 \/ 435\" sizes=\"(max-width: 580px) 100vw, 580px\" alt=\"\" width=\"580\" height=\"435\"  \/><span class=\"gallery-rollover\"><span class=\"gallery-zoom-ico icon-im-hover-041\"><span><\/span><\/span><\/span><\/a><\/figure><\/div><div data-post-id=\"770\" data-date=\"2019-07-02T16:58:03+02:00\" data-name=\"jardiniere_dessin\"><figure class=\"post\"><a href=\"https:\/\/www.urbisonline.be\/wp-content\/uploads\/2019\/04\/jardiniere_dessin-1.jpg\" class=\"rollover dt-pswp-item layzr-bg\" data-large_image_width=\"1000\" data-large_image_height=\"633\" data-dt-img-description=\"\" title=\"jardiniere_dessin\"><img decoding=\"async\" class=\"preload-me owl-lazy-load aspect\" src=\"data:image\/svg+xml,%3Csvg%20xmlns%3D&#39;http%3A%2F%2Fwww.w3.org%2F2000%2Fsvg&#39;%20viewBox%3D&#39;0%200%20844%20633&#39;%2F%3E\" data-src=\"https:\/\/www.urbisonline.be\/wp-content\/uploads\/2019\/04\/jardiniere_dessin-1-844x633.jpg\" data-srcset=\"https:\/\/www.urbisonline.be\/wp-content\/uploads\/2019\/04\/jardiniere_dessin-1-844x633.jpg 844w\" loading=\"eager\" style=\"--ratio: 844 \/ 633\" sizes=\"(max-width: 844px) 100vw, 844px\" alt=\"\" width=\"844\" height=\"633\"  \/><span class=\"gallery-rollover\"><span class=\"gallery-zoom-ico icon-im-hover-041\"><span><\/span><\/span><\/span><\/a><\/figure><\/div><\/div>[\/vc_column][\/vc_row][vc_row equal_height=&#8221;yes&#8221; css=&#8221;.vc_custom_1557836515623{border-right-width: 1px !important;border-left-width: 1px !important;border-left-color: rgba(17,17,17,0.14) !important;border-left-style: solid !important;border-right-color: rgba(17,17,17,0.14) !important;border-right-style: solid !important;}&#8221;][vc_column width=&#8221;2\/3&#8243; css=&#8221;.vc_custom_1557835482955{padding: 30px !important;}&#8221;][vc_column_text el_class=&#8221;custom-description&#8221;]<\/p>\n<h3>Description<\/h3>\n<p>Entretenir un jardin potager en ville est une id\u00e9e de plus en plus courante. Et pourtant, les espaces en ville ne s\u2019y pr\u00eatent pas vraiment.<\/p>\n<p>TerraTous est une invitation a conqu\u00e9rir la ville avec des potagers et permettre de vivre ensemble, toutes g\u00e9n\u00e9rations confondues, le plaisir de cultiver ses l\u00e9gumes. Gr\u00e2ce \u00e0 sa position en hauteur et son bac profond, vous pouvez cultiver votre potager en appliquant des techniques respectueuses de la nature et r\u00e9colter des l\u00e9gumes sains.<\/p>\n<p>Sa structure l\u00e9g\u00e8re et ses pieds r\u00e9glables en hauteur autorisent un montage ais\u00e9 sur toutes les configurations de terrains.<\/p>\n<p>Terratous est modulaire (modules de 2m, 4m ou 7m).<\/p>\n<p>Plus qu\u2019une jardini\u00e8re, TerraTous est la base d\u2019une solution robuste que nous d\u00e9veloppons pour vous offrir des accessoires et des services en vue de simplifier le mara\u00eechage sur\u00e9lev\u00e9 pour les communaut\u00e9s et les particuliers.<\/p>\n<p>Architecte\/Designer : Philippe Mahillon \u2013 Thomas Billas<\/p>\n<h3>Finition<\/h3>\n<div class=\"part\">\n<div>Acier galvanis\u00e9<\/div>\n<\/div>\n<h3>Options<\/h3>\n<div>Accessoires :<\/div>\n<div class=\"O1\">\n<ul>\n<li>Arceaux<\/li>\n<li>Filme de for\u00e7age<\/li>\n<li>Filet de protection oiseaux<\/li>\n<li>Filet anti-insectes<\/li>\n<li>Etiquettes d\u2019identification<\/li>\n<\/ul>\n<\/div>\n<h3>Mat\u00e9riaux<\/h3>\n<ul>\n<li>ALUMINIUM<\/li>\n<li>ACIER<\/li>\n<li>MATERIAUX SYNTHETIQUES<\/li>\n<\/ul>\n<p>[\/vc_column_text][\/vc_column][vc_column width=&#8221;1\/3&#8243; css=&#8221;.vc_custom_1557835875174{padding-top: 0px !important;padding-right: 0px !important;padding-bottom: 0px !important;padding-left: 0px !important;background-color: #f2f2f2 !important;}&#8221;][vc_widget_sidebar show_bg=&#8221;false&#8221; sidebar_id=&#8221;sidebar_3&#8243;][vc_column_text css=&#8221;.vc_custom_1562072179540{padding-right: 30px !important;padding-bottom: 30px !important;padding-left: 30px !important;}&#8221;]<\/p>\n<h4>COLLECTION<\/h4>\n<p>TerraTous<\/p>\n<p>&nbsp;<\/p>\n<h4>COULEUR<\/h4>\n<p>Teinte naturelle de l&#8217;acier galvanis\u00e9[\/vc_column_text][\/vc_column][\/vc_row]<\/p>\n<\/div>","protected":false},"excerpt":{"rendered":"<p>[vc_row full_width=&#8221;stretch_row_content_no_spaces&#8221;][vc_column][\/vc_column][\/vc_row][vc_row equal_height=&#8221;yes&#8221; css=&#8221;.vc_custom_1557836515623{border-right-width: 1px !important;border-left-width: 1px !important;border-left-color: rgba(17,17,17,0.14) !important;border-left-style: solid !important;border-right-color: rgba(17,17,17,0.14) !important;border-right-style: solid !important;}&#8221;][vc_column width=&#8221;2\/3&#8243; css=&#8221;.vc_custom_1557835482955{padding: 30px !important;}&#8221;][vc_column_text el_class=&#8221;custom-description&#8221;] Description Entretenir un jardin potager en ville est une id\u00e9e de plus en plus courante. Et pourtant, les espaces en ville ne s\u2019y pr\u00eatent pas vraiment. TerraTous est une invitation a conqu\u00e9rir la ville&hellip;<\/p>\n","protected":false},"featured_media":722,"comment_status":"closed","ping_status":"closed","template":"","meta":[],"product_brand":[],"product_cat":[108,122,111,107,104],"product_tag":[],"class_list":{"0":"post-1257","1":"product","2":"type-product","3":"status-publish","4":"has-post-thumbnail","6":"product_cat-aluminium-nl","7":"product_cat-bloembak","8":"product_cat-kunststof","9":"product_cat-staal","10":"product_cat-terratous-nl","11":"description-off","13":"first","14":"instock","15":"shipping-taxable","16":"product-type-simple"},"yoast_head":"<!-- This site is optimized with the Yoast SEO plugin v26.8 - https:\/\/yoast.com\/product\/yoast-seo-wordpress\/ -->\n<title>Bloembak CityFarm - Urbis<\/title>\n<meta name=\"robots\" content=\"index, follow, max-snippet:-1, max-image-preview:large, max-video-preview:-1\" \/>\n<link rel=\"canonical\" href=\"https:\/\/www.urbisonline.be\/nl\/produit\/bloembak-cityfarm\/\" \/>\n<meta property=\"og:locale\" content=\"nl_NL\" \/>\n<meta property=\"og:type\" content=\"article\" \/>\n<meta property=\"og:title\" content=\"Bloembak CityFarm - Urbis\" \/>\n<meta property=\"og:description\" content=\"[vc_row full_width=&#8221;stretch_row_content_no_spaces&#8221;][vc_column][\/vc_column][\/vc_row][vc_row equal_height=&#8221;yes&#8221; css=&#8221;.vc_custom_1557836515623{border-right-width: 1px !important;border-left-width: 1px !important;border-left-color: rgba(17,17,17,0.14) !important;border-left-style: solid !important;border-right-color: rgba(17,17,17,0.14) !important;border-right-style: solid !important;}&#8221;][vc_column width=&#8221;2\/3&#8243; css=&#8221;.vc_custom_1557835482955{padding: 30px !important;}&#8221;][vc_column_text el_class=&#8221;custom-description&#8221;] Description Entretenir un jardin potager en ville est une id\u00e9e de plus en plus courante. Et pourtant, les espaces en ville ne s\u2019y pr\u00eatent pas vraiment. TerraTous est une invitation a conqu\u00e9rir la ville&hellip;\" \/>\n<meta property=\"og:url\" content=\"https:\/\/www.urbisonline.be\/nl\/produit\/bloembak-cityfarm\/\" \/>\n<meta property=\"og:site_name\" content=\"Urbis\" \/>\n<meta property=\"article:modified_time\" content=\"2022-07-13T09:42:55+00:00\" \/>\n<meta property=\"og:image\" content=\"https:\/\/www.urbisonline.be\/wp-content\/uploads\/2019\/07\/jardiniere.jpg\" \/>\n\t<meta property=\"og:image:width\" content=\"680\" \/>\n\t<meta property=\"og:image:height\" content=\"435\" \/>\n\t<meta property=\"og:image:type\" content=\"image\/jpeg\" \/>\n<meta name=\"twitter:card\" content=\"summary_large_image\" \/>\n<meta name=\"twitter:label1\" content=\"Geschatte leestijd\" \/>\n\t<meta name=\"twitter:data1\" content=\"2 minuten\" \/>\n<script type=\"application\/ld+json\" class=\"yoast-schema-graph\">{\"@context\":\"https:\/\/schema.org\",\"@graph\":[{\"@type\":\"WebPage\",\"@id\":\"https:\/\/www.urbisonline.be\/nl\/produit\/bloembak-cityfarm\/\",\"url\":\"https:\/\/www.urbisonline.be\/nl\/produit\/bloembak-cityfarm\/\",\"name\":\"Bloembak CityFarm - Urbis\",\"isPartOf\":{\"@id\":\"https:\/\/www.urbisonline.be\/nl\/#website\"},\"primaryImageOfPage\":{\"@id\":\"https:\/\/www.urbisonline.be\/nl\/produit\/bloembak-cityfarm\/#primaryimage\"},\"image\":{\"@id\":\"https:\/\/www.urbisonline.be\/nl\/produit\/bloembak-cityfarm\/#primaryimage\"},\"thumbnailUrl\":\"https:\/\/www.urbisonline.be\/wp-content\/uploads\/2019\/07\/jardiniere.jpg\",\"datePublished\":\"2019-04-01T10:07:31+00:00\",\"dateModified\":\"2022-07-13T09:42:55+00:00\",\"breadcrumb\":{\"@id\":\"https:\/\/www.urbisonline.be\/nl\/produit\/bloembak-cityfarm\/#breadcrumb\"},\"inLanguage\":\"nl-NL\",\"potentialAction\":[{\"@type\":\"ReadAction\",\"target\":[\"https:\/\/www.urbisonline.be\/nl\/produit\/bloembak-cityfarm\/\"]}]},{\"@type\":\"ImageObject\",\"inLanguage\":\"nl-NL\",\"@id\":\"https:\/\/www.urbisonline.be\/nl\/produit\/bloembak-cityfarm\/#primaryimage\",\"url\":\"https:\/\/www.urbisonline.be\/wp-content\/uploads\/2019\/07\/jardiniere.jpg\",\"contentUrl\":\"https:\/\/www.urbisonline.be\/wp-content\/uploads\/2019\/07\/jardiniere.jpg\",\"width\":680,\"height\":435},{\"@type\":\"BreadcrumbList\",\"@id\":\"https:\/\/www.urbisonline.be\/nl\/produit\/bloembak-cityfarm\/#breadcrumb\",\"itemListElement\":[{\"@type\":\"ListItem\",\"position\":1,\"name\":\"Home\",\"item\":\"https:\/\/www.urbisonline.be\/nl\/\"},{\"@type\":\"ListItem\",\"position\":2,\"name\":\"Producten\",\"item\":\"https:\/\/www.urbisonline.be\/nl\/shop\/\"},{\"@type\":\"ListItem\",\"position\":3,\"name\":\"Bloembak CityFarm\"}]},{\"@type\":\"WebSite\",\"@id\":\"https:\/\/www.urbisonline.be\/nl\/#website\",\"url\":\"https:\/\/www.urbisonline.be\/nl\/\",\"name\":\"Urbis\",\"description\":\"Street furniture\",\"potentialAction\":[{\"@type\":\"SearchAction\",\"target\":{\"@type\":\"EntryPoint\",\"urlTemplate\":\"https:\/\/www.urbisonline.be\/nl\/?s={search_term_string}\"},\"query-input\":{\"@type\":\"PropertyValueSpecification\",\"valueRequired\":true,\"valueName\":\"search_term_string\"}}],\"inLanguage\":\"nl-NL\"}]}<\/script>\n<!-- \/ Yoast SEO plugin. -->","yoast_head_json":{"title":"Bloembak CityFarm - Urbis","robots":{"index":"index","follow":"follow","max-snippet":"max-snippet:-1","max-image-preview":"max-image-preview:large","max-video-preview":"max-video-preview:-1"},"canonical":"https:\/\/www.urbisonline.be\/nl\/produit\/bloembak-cityfarm\/","og_locale":"nl_NL","og_type":"article","og_title":"Bloembak CityFarm - Urbis","og_description":"[vc_row full_width=&#8221;stretch_row_content_no_spaces&#8221;][vc_column][\/vc_column][\/vc_row][vc_row equal_height=&#8221;yes&#8221; css=&#8221;.vc_custom_1557836515623{border-right-width: 1px !important;border-left-width: 1px !important;border-left-color: rgba(17,17,17,0.14) !important;border-left-style: solid !important;border-right-color: rgba(17,17,17,0.14) !important;border-right-style: solid !important;}&#8221;][vc_column width=&#8221;2\/3&#8243; css=&#8221;.vc_custom_1557835482955{padding: 30px !important;}&#8221;][vc_column_text el_class=&#8221;custom-description&#8221;] Description Entretenir un jardin potager en ville est une id\u00e9e de plus en plus courante. Et pourtant, les espaces en ville ne s\u2019y pr\u00eatent pas vraiment. TerraTous est une invitation a conqu\u00e9rir la ville&hellip;","og_url":"https:\/\/www.urbisonline.be\/nl\/produit\/bloembak-cityfarm\/","og_site_name":"Urbis","article_modified_time":"2022-07-13T09:42:55+00:00","og_image":[{"width":680,"height":435,"url":"https:\/\/www.urbisonline.be\/wp-content\/uploads\/2019\/07\/jardiniere.jpg","type":"image\/jpeg"}],"twitter_card":"summary_large_image","twitter_misc":{"Geschatte leestijd":"2 minuten"},"schema":{"@context":"https:\/\/schema.org","@graph":[{"@type":"WebPage","@id":"https:\/\/www.urbisonline.be\/nl\/produit\/bloembak-cityfarm\/","url":"https:\/\/www.urbisonline.be\/nl\/produit\/bloembak-cityfarm\/","name":"Bloembak CityFarm - Urbis","isPartOf":{"@id":"https:\/\/www.urbisonline.be\/nl\/#website"},"primaryImageOfPage":{"@id":"https:\/\/www.urbisonline.be\/nl\/produit\/bloembak-cityfarm\/#primaryimage"},"image":{"@id":"https:\/\/www.urbisonline.be\/nl\/produit\/bloembak-cityfarm\/#primaryimage"},"thumbnailUrl":"https:\/\/www.urbisonline.be\/wp-content\/uploads\/2019\/07\/jardiniere.jpg","datePublished":"2019-04-01T10:07:31+00:00","dateModified":"2022-07-13T09:42:55+00:00","breadcrumb":{"@id":"https:\/\/www.urbisonline.be\/nl\/produit\/bloembak-cityfarm\/#breadcrumb"},"inLanguage":"nl-NL","potentialAction":[{"@type":"ReadAction","target":["https:\/\/www.urbisonline.be\/nl\/produit\/bloembak-cityfarm\/"]}]},{"@type":"ImageObject","inLanguage":"nl-NL","@id":"https:\/\/www.urbisonline.be\/nl\/produit\/bloembak-cityfarm\/#primaryimage","url":"https:\/\/www.urbisonline.be\/wp-content\/uploads\/2019\/07\/jardiniere.jpg","contentUrl":"https:\/\/www.urbisonline.be\/wp-content\/uploads\/2019\/07\/jardiniere.jpg","width":680,"height":435},{"@type":"BreadcrumbList","@id":"https:\/\/www.urbisonline.be\/nl\/produit\/bloembak-cityfarm\/#breadcrumb","itemListElement":[{"@type":"ListItem","position":1,"name":"Home","item":"https:\/\/www.urbisonline.be\/nl\/"},{"@type":"ListItem","position":2,"name":"Producten","item":"https:\/\/www.urbisonline.be\/nl\/shop\/"},{"@type":"ListItem","position":3,"name":"Bloembak CityFarm"}]},{"@type":"WebSite","@id":"https:\/\/www.urbisonline.be\/nl\/#website","url":"https:\/\/www.urbisonline.be\/nl\/","name":"Urbis","description":"Street furniture","potentialAction":[{"@type":"SearchAction","target":{"@type":"EntryPoint","urlTemplate":"https:\/\/www.urbisonline.be\/nl\/?s={search_term_string}"},"query-input":{"@type":"PropertyValueSpecification","valueRequired":true,"valueName":"search_term_string"}}],"inLanguage":"nl-NL"}]}},"_links":{"self":[{"href":"https:\/\/www.urbisonline.be\/nl\/wp-json\/wp\/v2\/product\/1257","targetHints":{"allow":["GET"]}}],"collection":[{"href":"https:\/\/www.urbisonline.be\/nl\/wp-json\/wp\/v2\/product"}],"about":[{"href":"https:\/\/www.urbisonline.be\/nl\/wp-json\/wp\/v2\/types\/product"}],"replies":[{"embeddable":true,"href":"https:\/\/www.urbisonline.be\/nl\/wp-json\/wp\/v2\/comments?post=1257"}],"wp:featuredmedia":[{"embeddable":true,"href":"https:\/\/www.urbisonline.be\/nl\/wp-json\/wp\/v2\/media\/722"}],"wp:attachment":[{"href":"https:\/\/www.urbisonline.be\/nl\/wp-json\/wp\/v2\/media?parent=1257"}],"wp:term":[{"taxonomy":"product_brand","embeddable":true,"href":"https:\/\/www.urbisonline.be\/nl\/wp-json\/wp\/v2\/product_brand?post=1257"},{"taxonomy":"product_cat","embeddable":true,"href":"https:\/\/www.urbisonline.be\/nl\/wp-json\/wp\/v2\/product_cat?post=1257"},{"taxonomy":"product_tag","embeddable":true,"href":"https:\/\/www.urbisonline.be\/nl\/wp-json\/wp\/v2\/product_tag?post=1257"}],"curies":[{"name":"wp","href":"https:\/\/api.w.org\/{rel}","templated":true}]}}