{"id":742,"date":"2019-07-02T14:17:09","date_gmt":"2019-07-02T12:17:09","guid":{"rendered":"https:\/\/www.urbisonline.be\/?page_id=742"},"modified":"2022-06-21T11:40:23","modified_gmt":"2022-06-21T09:40:23","slug":"contact","status":"publish","type":"page","link":"https:\/\/www.urbisonline.be\/nl\/contact\/","title":{"rendered":"Contact"},"content":{"rendered":"<div class=\"wpb-content-wrapper\"><p>[vc_row full_width=&#8221;stretch_row_content_no_spaces&#8221; equal_height=&#8221;yes&#8221; content_placement=&#8221;middle&#8221;][vc_column width=&#8221;1\/2&#8243; css=&#8221;.vc_custom_1557908325896{padding: 50px !important;}&#8221;][vc_column_text css=&#8221;.vc_custom_1557908413319{margin-bottom: 15px !important;}&#8221;]<\/p>\n<h1>Contact<\/h1>\n<p>[\/vc_column_text]\n<div class=\"wpcf7 no-js\" id=\"wpcf7-f741-o1\" lang=\"fr-FR\" dir=\"ltr\" data-wpcf7-id=\"741\">\n<div class=\"screen-reader-response\"><p role=\"status\" aria-live=\"polite\" aria-atomic=\"true\"><\/p> <ul><\/ul><\/div>\n<form action=\"\/nl\/wp-json\/wp\/v2\/pages\/742#wpcf7-f741-o1\" method=\"post\" class=\"wpcf7-form init\" aria-label=\"Formulaire de contact\" novalidate=\"novalidate\" data-status=\"init\">\n<fieldset class=\"hidden-fields-container\"><input type=\"hidden\" name=\"_wpcf7\" value=\"741\" \/><input type=\"hidden\" name=\"_wpcf7_version\" value=\"6.1.4\" \/><input type=\"hidden\" name=\"_wpcf7_locale\" value=\"fr_FR\" \/><input type=\"hidden\" name=\"_wpcf7_unit_tag\" value=\"wpcf7-f741-o1\" \/><input type=\"hidden\" name=\"_wpcf7_container_post\" value=\"0\" \/><input type=\"hidden\" name=\"_wpcf7_posted_data_hash\" value=\"\" \/><input type=\"hidden\" name=\"_wpcf7_recaptcha_response\" value=\"\" \/>\n<\/fieldset>\n<div class=\"wf-container\">\n\t<div class=\"wf-cell wf-1-2\">\n\t\t<p><label style=\"display: none;\">Uw voornaam *<\/label><span class=\"wpcf7-form-control-wrap\" data-name=\"prenom\"><input size=\"40\" maxlength=\"400\" class=\"wpcf7-form-control wpcf7-text wpcf7-validates-as-required\" aria-required=\"true\" aria-invalid=\"false\" placeholder=\"Uw voornaam *\" value=\"\" type=\"text\" name=\"prenom\" \/><\/span>\n\t\t<\/p>\n\t<\/div>\n\t<div class=\"wf-cell wf-1-2\">\n\t\t<p><label style=\"display: none;\">Uw naam *<\/label><span class=\"wpcf7-form-control-wrap\" data-name=\"nom\"><input size=\"40\" maxlength=\"400\" class=\"wpcf7-form-control wpcf7-text wpcf7-validates-as-required\" aria-required=\"true\" aria-invalid=\"false\" placeholder=\"Uw naam *\" value=\"\" type=\"text\" name=\"nom\" \/><\/span>\n\t\t<\/p>\n\t<\/div>\n\t<div class=\"wf-cell wf-1-2\">\n\t\t<p><label style=\"display: none;\">E-mail *<\/label><span class=\"wpcf7-form-control-wrap\" data-name=\"email\"><input size=\"40\" maxlength=\"400\" class=\"wpcf7-form-control wpcf7-email wpcf7-validates-as-required wpcf7-text wpcf7-validates-as-email\" aria-required=\"true\" aria-invalid=\"false\" placeholder=\"E-mail *\" value=\"\" type=\"email\" name=\"email\" \/><\/span>\n\t\t<\/p>\n\t<\/div>\n\t<div class=\"wf-cell wf-1-2\">\n\t\t<p><label style=\"display: none;\">Uw telefoon <\/label><span class=\"wpcf7-form-control-wrap\" data-name=\"telephone\"><input size=\"40\" maxlength=\"400\" class=\"wpcf7-form-control wpcf7-tel wpcf7-text wpcf7-validates-as-tel\" aria-invalid=\"false\" placeholder=\"Uw telefoon\" value=\"\" type=\"tel\" name=\"telephone\" \/><\/span>\n\t\t<\/p>\n\t<\/div>\n\t<div class=\"wf-cell wf-1-1\">\n\t\t<p><label style=\"display: none;\">Bedrijf<\/label><span class=\"wpcf7-form-control-wrap\" data-name=\"societe\"><input size=\"40\" maxlength=\"400\" class=\"wpcf7-form-control wpcf7-text\" aria-invalid=\"false\" placeholder=\"Bedrijf\" value=\"\" type=\"text\" name=\"societe\" \/><\/span>\n\t\t<\/p>\n\t<\/div>\n\t<div class=\"wf-cell wf-1-2\">\n\t\t<p><label>Sector<\/label><br \/>\n<span class=\"wpcf7-form-control-wrap\" data-name=\"activite\"><select class=\"wpcf7-form-control wpcf7-select\" aria-invalid=\"false\" name=\"activite\"><option value=\"\">&#8212;Veuillez choisir une option&#8212;<\/option><option value=\"Architect\">Architect<\/option><option value=\"Stadsplanner\">Stadsplanner<\/option><option value=\"Studiebureau\">Studiebureau<\/option><option value=\"Aannemer\">Aannemer<\/option><option value=\"Stad\/gemeente\">Stad\/gemeente<\/option><option value=\"Ministerie\">Ministerie<\/option><option value=\"Priv\u00e9sector\">Priv\u00e9sector<\/option><option value=\"Andere\">Andere<\/option><\/select><\/span>\n\t\t<\/p>\n\t<\/div>\n\t<div class=\"wf-cell wf-1-2\">\n\t\t<p><label>Onderwerp<\/label><br \/>\n<span class=\"wpcf7-form-control-wrap\" data-name=\"sujet\"><select class=\"wpcf7-form-control wpcf7-select\" aria-invalid=\"false\" name=\"sujet\"><option value=\"\">&#8212;Veuillez choisir une option&#8212;<\/option><option value=\"Contacteer mij\">Contacteer mij<\/option><option value=\"Bestelling van documentatie\">Bestelling van documentatie<\/option><option value=\"Informatie over producten\">Informatie over producten<\/option><option value=\"Informatie over projecten\">Informatie over projecten<\/option><\/select><\/span>\n\t\t<\/p>\n\t<\/div>\n<\/div>\n<p><label style=\"display: none;\">Uw address<\/label><span class=\"wpcf7-form-control-wrap\" data-name=\"message\"><textarea cols=\"1\" rows=\"2\" maxlength=\"2000\" class=\"wpcf7-form-control wpcf7-textarea\" aria-invalid=\"false\" placeholder=\"Uw address\" name=\"message\"><\/textarea><\/span>\n<\/p>\n<p><label style=\"display: none;\">Uw bericht *<\/label><span class=\"wpcf7-form-control-wrap\" data-name=\"message\"><textarea cols=\"1\" rows=\"3\" maxlength=\"2000\" class=\"wpcf7-form-control wpcf7-textarea wpcf7-validates-as-required\" aria-required=\"true\" aria-invalid=\"false\" placeholder=\"Uw bericht *\" name=\"message\"><\/textarea><\/span>\n<\/p>\n<p>En envoyant ce formulaire, vous acceptez que Urbis m\u00e9morise et utilise les informations collect\u00e9es afin de traiter votre demande. Si vous voulez en savoir plus sur notre politique de confidentialit\u00e9, vous la trouverez <a href=\"https:\/\/www.urbisonline.be\/politique-de-confidentialite\/\" target=\"_blank\">ici<\/a>\n<\/p>\n<p><span class=\"wpcf7-form-control-wrap\" data-name=\"privacy\"><span class=\"wpcf7-form-control wpcf7-acceptance\"><span class=\"wpcf7-list-item\"><label><input type=\"checkbox\" name=\"privacy\" value=\"1\" aria-invalid=\"false\" \/><span class=\"wpcf7-list-item-label\">Oui, je donne mon consentement<\/span><\/label><\/span><\/span><\/span>\n<\/p>\n<p><input class=\"wpcf7-form-control wpcf7-submit has-spinner\" type=\"submit\" value=\"Verzenden\" \/>\n<\/p><div class=\"wpcf7-response-output\" aria-hidden=\"true\"><\/div>\n<\/form>\n<\/div>\n[\/vc_column][vc_column width=&#8221;1\/2&#8243; css=&#8221;.vc_custom_1557908669350{background-image: url(https:\/\/www.urbisonline.be\/wp-content\/uploads\/2019\/05\/DSC06219_home-slider_1400_647.jpg?id=136) !important;background-position: center !important;background-repeat: no-repeat !important;background-size: cover !important;}&#8221;][vc_row_inner equal_height=&#8221;yes&#8221;][vc_column_inner width=&#8221;1\/2&#8243; css=&#8221;.vc_custom_1557908601585{border-top-width: 1px !important;border-bottom-width: 1px !important;border-top-color: rgba(153,153,153,0.6) !important;border-top-style: solid !important;border-bottom-color: rgba(153,153,153,0.6) !important;border-bottom-style: solid !important;}&#8221;][\/vc_column_inner][vc_column_inner width=&#8221;1\/2&#8243;][vc_column_text css=&#8221;.vc_custom_1655804442614{padding-top: 30px !important;padding-right: 30px !important;padding-bottom: 30px !important;padding-left: 30px !important;background-color: #ffffff !important;}&#8221;]<\/p>\n<h3 style=\"text-align: center;\">Urbis<\/h3>\n<p style=\"text-align: center;\">Chauss\u00e9e de Mons 38<br \/>\n7940 Brugelette (Belgie)<\/p>\n<p style=\"text-align: center;\">Tel : +32 (0)68 45 53 31<\/p>\n<p style=\"text-align: center;\">Fax : +32 (0)68 45 42 84<\/p>\n<p style=\"text-align: center;\"><a href=\"mailto:info@urbisonline.be\">info@urbisonline.be<\/a><\/p>\n<p>[\/vc_column_text][\/vc_column_inner][\/vc_row_inner][\/vc_column][\/vc_row]<\/p>\n<\/div>","protected":false},"excerpt":{"rendered":"<p>[vc_row full_width=&#8221;stretch_row_content_no_spaces&#8221; equal_height=&#8221;yes&#8221; content_placement=&#8221;middle&#8221;][vc_column width=&#8221;1\/2&#8243; css=&#8221;.vc_custom_1557908325896{padding: 50px !important;}&#8221;][vc_column_text css=&#8221;.vc_custom_1557908413319{margin-bottom: 15px !important;}&#8221;] Contact [\/vc_column_text][\/vc_column][vc_column width=&#8221;1\/2&#8243; css=&#8221;.vc_custom_1557908669350{background-image: url(https:\/\/www.urbisonline.be\/wp-content\/uploads\/2019\/05\/DSC06219_home-slider_1400_647.jpg?id=136) !important;background-position: center !important;background-repeat: no-repeat !important;background-size: cover !important;}&#8221;][vc_row_inner equal_height=&#8221;yes&#8221;][vc_column_inner width=&#8221;1\/2&#8243; css=&#8221;.vc_custom_1557908601585{border-top-width: 1px !important;border-bottom-width: 1px !important;border-top-color: rgba(153,153,153,0.6) !important;border-top-style: solid !important;border-bottom-color: rgba(153,153,153,0.6) !important;border-bottom-style: solid !important;}&#8221;][\/vc_column_inner][vc_column_inner width=&#8221;1\/2&#8243;][vc_column_text css=&#8221;.vc_custom_1655804442614{padding-top: 30px !important;padding-right: 30px !important;padding-bottom: 30px !important;padding-left: 30px !important;background-color: #ffffff !important;}&#8221;] Urbis Chauss\u00e9e de Mons 38&hellip;<\/p>\n","protected":false},"author":5,"featured_media":0,"parent":0,"menu_order":5,"comment_status":"closed","ping_status":"closed","template":"","meta":{"footnotes":""},"class_list":["post-742","page","type-page","status-publish","hentry","description-off"],"yoast_head":"<!-- This site is optimized with the Yoast SEO plugin v26.8 - https:\/\/yoast.com\/product\/yoast-seo-wordpress\/ -->\n<title>Contact - Urbis<\/title>\n<meta name=\"robots\" content=\"index, follow, max-snippet:-1, max-image-preview:large, max-video-preview:-1\" \/>\n<link rel=\"canonical\" href=\"https:\/\/www.urbisonline.be\/nl\/contact\/\" \/>\n<meta property=\"og:locale\" content=\"nl_NL\" \/>\n<meta property=\"og:type\" content=\"article\" \/>\n<meta property=\"og:title\" content=\"Contact - Urbis\" \/>\n<meta property=\"og:description\" content=\"[vc_row full_width=&#8221;stretch_row_content_no_spaces&#8221; equal_height=&#8221;yes&#8221; content_placement=&#8221;middle&#8221;][vc_column width=&#8221;1\/2&#8243; css=&#8221;.vc_custom_1557908325896{padding: 50px !important;}&#8221;][vc_column_text css=&#8221;.vc_custom_1557908413319{margin-bottom: 15px !important;}&#8221;] Contact [\/vc_column_text][\/vc_column][vc_column width=&#8221;1\/2&#8243; css=&#8221;.vc_custom_1557908669350{background-image: url(https:\/\/www.urbisonline.be\/wp-content\/uploads\/2019\/05\/DSC06219_home-slider_1400_647.jpg?id=136) !important;background-position: center !important;background-repeat: no-repeat !important;background-size: cover !important;}&#8221;][vc_row_inner equal_height=&#8221;yes&#8221;][vc_column_inner width=&#8221;1\/2&#8243; css=&#8221;.vc_custom_1557908601585{border-top-width: 1px !important;border-bottom-width: 1px !important;border-top-color: rgba(153,153,153,0.6) !important;border-top-style: solid !important;border-bottom-color: rgba(153,153,153,0.6) !important;border-bottom-style: solid !important;}&#8221;][\/vc_column_inner][vc_column_inner width=&#8221;1\/2&#8243;][vc_column_text css=&#8221;.vc_custom_1655804442614{padding-top: 30px !important;padding-right: 30px !important;padding-bottom: 30px !important;padding-left: 30px !important;background-color: #ffffff !important;}&#8221;] Urbis Chauss\u00e9e de Mons 38&hellip;\" \/>\n<meta property=\"og:url\" content=\"https:\/\/www.urbisonline.be\/nl\/contact\/\" \/>\n<meta property=\"og:site_name\" content=\"Urbis\" \/>\n<meta property=\"article:modified_time\" content=\"2022-06-21T09:40:23+00:00\" \/>\n<meta name=\"twitter:card\" content=\"summary_large_image\" \/>\n<meta name=\"twitter:label1\" content=\"Geschatte leestijd\" \/>\n\t<meta name=\"twitter:data1\" content=\"1 minuut\" \/>\n<script type=\"application\/ld+json\" class=\"yoast-schema-graph\">{\"@context\":\"https:\/\/schema.org\",\"@graph\":[{\"@type\":\"WebPage\",\"@id\":\"https:\/\/www.urbisonline.be\/nl\/contact\/\",\"url\":\"https:\/\/www.urbisonline.be\/nl\/contact\/\",\"name\":\"Contact - Urbis\",\"isPartOf\":{\"@id\":\"https:\/\/www.urbisonline.be\/nl\/#website\"},\"datePublished\":\"2019-07-02T12:17:09+00:00\",\"dateModified\":\"2022-06-21T09:40:23+00:00\",\"breadcrumb\":{\"@id\":\"https:\/\/www.urbisonline.be\/nl\/contact\/#breadcrumb\"},\"inLanguage\":\"nl-NL\",\"potentialAction\":[{\"@type\":\"ReadAction\",\"target\":[\"https:\/\/www.urbisonline.be\/nl\/contact\/\"]}]},{\"@type\":\"BreadcrumbList\",\"@id\":\"https:\/\/www.urbisonline.be\/nl\/contact\/#breadcrumb\",\"itemListElement\":[{\"@type\":\"ListItem\",\"position\":1,\"name\":\"Home\",\"item\":\"https:\/\/www.urbisonline.be\/nl\/\"},{\"@type\":\"ListItem\",\"position\":2,\"name\":\"Contact\"}]},{\"@type\":\"WebSite\",\"@id\":\"https:\/\/www.urbisonline.be\/nl\/#website\",\"url\":\"https:\/\/www.urbisonline.be\/nl\/\",\"name\":\"Urbis\",\"description\":\"Street furniture\",\"potentialAction\":[{\"@type\":\"SearchAction\",\"target\":{\"@type\":\"EntryPoint\",\"urlTemplate\":\"https:\/\/www.urbisonline.be\/nl\/?s={search_term_string}\"},\"query-input\":{\"@type\":\"PropertyValueSpecification\",\"valueRequired\":true,\"valueName\":\"search_term_string\"}}],\"inLanguage\":\"nl-NL\"}]}<\/script>\n<!-- \/ Yoast SEO plugin. -->","yoast_head_json":{"title":"Contact - Urbis","robots":{"index":"index","follow":"follow","max-snippet":"max-snippet:-1","max-image-preview":"max-image-preview:large","max-video-preview":"max-video-preview:-1"},"canonical":"https:\/\/www.urbisonline.be\/nl\/contact\/","og_locale":"nl_NL","og_type":"article","og_title":"Contact - Urbis","og_description":"[vc_row full_width=&#8221;stretch_row_content_no_spaces&#8221; equal_height=&#8221;yes&#8221; content_placement=&#8221;middle&#8221;][vc_column width=&#8221;1\/2&#8243; css=&#8221;.vc_custom_1557908325896{padding: 50px !important;}&#8221;][vc_column_text css=&#8221;.vc_custom_1557908413319{margin-bottom: 15px !important;}&#8221;] Contact [\/vc_column_text][\/vc_column][vc_column width=&#8221;1\/2&#8243; css=&#8221;.vc_custom_1557908669350{background-image: url(https:\/\/www.urbisonline.be\/wp-content\/uploads\/2019\/05\/DSC06219_home-slider_1400_647.jpg?id=136) !important;background-position: center !important;background-repeat: no-repeat !important;background-size: cover !important;}&#8221;][vc_row_inner equal_height=&#8221;yes&#8221;][vc_column_inner width=&#8221;1\/2&#8243; css=&#8221;.vc_custom_1557908601585{border-top-width: 1px !important;border-bottom-width: 1px !important;border-top-color: rgba(153,153,153,0.6) !important;border-top-style: solid !important;border-bottom-color: rgba(153,153,153,0.6) !important;border-bottom-style: solid !important;}&#8221;][\/vc_column_inner][vc_column_inner width=&#8221;1\/2&#8243;][vc_column_text css=&#8221;.vc_custom_1655804442614{padding-top: 30px !important;padding-right: 30px !important;padding-bottom: 30px !important;padding-left: 30px !important;background-color: #ffffff !important;}&#8221;] Urbis Chauss\u00e9e de Mons 38&hellip;","og_url":"https:\/\/www.urbisonline.be\/nl\/contact\/","og_site_name":"Urbis","article_modified_time":"2022-06-21T09:40:23+00:00","twitter_card":"summary_large_image","twitter_misc":{"Geschatte leestijd":"1 minuut"},"schema":{"@context":"https:\/\/schema.org","@graph":[{"@type":"WebPage","@id":"https:\/\/www.urbisonline.be\/nl\/contact\/","url":"https:\/\/www.urbisonline.be\/nl\/contact\/","name":"Contact - Urbis","isPartOf":{"@id":"https:\/\/www.urbisonline.be\/nl\/#website"},"datePublished":"2019-07-02T12:17:09+00:00","dateModified":"2022-06-21T09:40:23+00:00","breadcrumb":{"@id":"https:\/\/www.urbisonline.be\/nl\/contact\/#breadcrumb"},"inLanguage":"nl-NL","potentialAction":[{"@type":"ReadAction","target":["https:\/\/www.urbisonline.be\/nl\/contact\/"]}]},{"@type":"BreadcrumbList","@id":"https:\/\/www.urbisonline.be\/nl\/contact\/#breadcrumb","itemListElement":[{"@type":"ListItem","position":1,"name":"Home","item":"https:\/\/www.urbisonline.be\/nl\/"},{"@type":"ListItem","position":2,"name":"Contact"}]},{"@type":"WebSite","@id":"https:\/\/www.urbisonline.be\/nl\/#website","url":"https:\/\/www.urbisonline.be\/nl\/","name":"Urbis","description":"Street furniture","potentialAction":[{"@type":"SearchAction","target":{"@type":"EntryPoint","urlTemplate":"https:\/\/www.urbisonline.be\/nl\/?s={search_term_string}"},"query-input":{"@type":"PropertyValueSpecification","valueRequired":true,"valueName":"search_term_string"}}],"inLanguage":"nl-NL"}]}},"_links":{"self":[{"href":"https:\/\/www.urbisonline.be\/nl\/wp-json\/wp\/v2\/pages\/742","targetHints":{"allow":["GET"]}}],"collection":[{"href":"https:\/\/www.urbisonline.be\/nl\/wp-json\/wp\/v2\/pages"}],"about":[{"href":"https:\/\/www.urbisonline.be\/nl\/wp-json\/wp\/v2\/types\/page"}],"author":[{"embeddable":true,"href":"https:\/\/www.urbisonline.be\/nl\/wp-json\/wp\/v2\/users\/5"}],"replies":[{"embeddable":true,"href":"https:\/\/www.urbisonline.be\/nl\/wp-json\/wp\/v2\/comments?post=742"}],"version-history":[{"count":2,"href":"https:\/\/www.urbisonline.be\/nl\/wp-json\/wp\/v2\/pages\/742\/revisions"}],"predecessor-version":[{"id":5364,"href":"https:\/\/www.urbisonline.be\/nl\/wp-json\/wp\/v2\/pages\/742\/revisions\/5364"}],"wp:attachment":[{"href":"https:\/\/www.urbisonline.be\/nl\/wp-json\/wp\/v2\/media?parent=742"}],"curies":[{"name":"wp","href":"https:\/\/api.w.org\/{rel}","templated":true}]}}